{"id":1237,"date":"2025-06-19T18:31:14","date_gmt":"2025-06-19T18:31:14","guid":{"rendered":"https:\/\/dmnoreste.com.mx\/wp\/?post_type=product&#038;p=1237"},"modified":"2025-06-20T18:03:23","modified_gmt":"2025-06-20T18:03:23","slug":"arpon-sub-peek","status":"publish","type":"product","link":"https:\/\/dmnoreste.com.mx\/?product=arpon-sub-peek","title":{"rendered":"Arp\u00f3n Sub Peek"},"content":{"rendered":"<p><img fetchpriority=\"high\" decoding=\"async\" class=\"alignnone size-full wp-image-15969\" src=\"https:\/\/www.artroscopiaintegral.com.mx\/wp-content\/uploads\/2024\/06\/Detail_Subpeek.jpg\" alt=\"\" width=\"1920\" height=\"1080\" \/><\/p>\n<p><strong>Medidas<\/strong><\/p>\n<ul class=\"listText\">\n<li>SUBPeek 5.5<\/li>\n<\/ul>\n<p><strong>Caracter\u00edsticas<\/strong><\/p>\n<ul class=\"listText\">\n<li>Arp\u00f3n en Peek de doble rosca con sutura de alta resistencia.<\/li>\n<li>Logra \u00f3ptima fijaci\u00f3n en la reparaci\u00f3n del Manguito Rotador y patolog\u00edas asociadas.<\/li>\n<li>El patr\u00f3n de doble rosca maximiza la fuerza de fijaci\u00f3n del implante haciendo que la interacci\u00f3n sea ideal al momento de relacionarse con el hueso cortical y el hueso esponjoso.<\/li>\n<li>Su mayor n\u00famero de vueltas en ambas roscas aumenta la superficie de contacto y la fuerza de rozamiento.<\/li>\n<li>El canal interno del arp\u00f3n est\u00e1 pensado para que su mango colocador est\u00e9 profundizado en el mismo, haciendo que el contacto entre ambos sea mayor, lo cual maximiza su capacidad de torque y confianza en la inserci\u00f3n.<\/li>\n<li>Su dise\u00f1o \u00fanico en 5,5 mm de di\u00e1metro le da gran versatilidad y adaptaci\u00f3n a m\u00faltiples t\u00e9cnicas quir\u00fargicas.<\/li>\n<li>Al ser fabricado en peek presenta el beneficio de ser radiol\u00facido y poseer mayor dureza que los arpones convencionales<\/li>\n<li>Es complementado con suturas de alta resistencia para mejor fijaci\u00f3n al asegurar los tejidos.<\/li>\n<li>Producto est\u00e9ril<\/li>\n<\/ul>\n<p><strong>Cat\u00e1logo T\u00e9cnico<\/strong><\/p>\n<ul>\n<li><a href=\"https:\/\/www.artroscopiaintegral.com.mx\/wp-content\/uploads\/2024\/06\/ARPON-SUB-PEEK-5.5.pdf\" target=\"_blank\" rel=\"noopener\">Manual en PDF<\/a><\/li>\n<\/ul>\n<p><strong>T\u00e9cnicas Quir\u00fargicas<\/strong><\/p>\n<p><iframe title=\"South America Implants S.A. - DC-528-00 Sub Peek 5.5\" width=\"500\" height=\"281\" src=\"https:\/\/www.youtube.com\/embed\/iyuK39EKJIA?feature=oembed\" frameborder=\"0\" allow=\"accelerometer; autoplay; clipboard-write; encrypted-media; gyroscope; picture-in-picture; web-share\" referrerpolicy=\"strict-origin-when-cross-origin\" allowfullscreen><\/iframe><\/p>\n","protected":false},"excerpt":{"rendered":"<p>Medidas SUBPeek 5.5 Caracter\u00edsticas Arp\u00f3n en Peek de doble rosca con sutura de alta resistencia. Logra \u00f3ptima fijaci\u00f3n en la reparaci\u00f3n del Manguito Rotador y patolog\u00edas asociadas. El patr\u00f3n de doble rosca maximiza la fuerza de fijaci\u00f3n del implante haciendo que la interacci\u00f3n sea ideal al momento de relacionarse con el hueso cortical y el [&hellip;]<\/p>\n","protected":false},"featured_media":1243,"comment_status":"open","ping_status":"closed","template":"","meta":{"pagelayer_contact_templates":[],"_pagelayer_content":""},"product_brand":[],"product_cat":[50,49,48],"product_tag":[],"class_list":{"0":"post-1237","1":"product","2":"type-product","3":"status-publish","4":"has-post-thumbnail","6":"product_cat-hombro","7":"product_cat-sai","8":"product_cat-sport-medicine","10":"first","11":"instock","12":"shipping-taxable","13":"product-type-simple"},"_links":{"self":[{"href":"https:\/\/dmnoreste.com.mx\/index.php?rest_route=\/wp\/v2\/product\/1237","targetHints":{"allow":["GET"]}}],"collection":[{"href":"https:\/\/dmnoreste.com.mx\/index.php?rest_route=\/wp\/v2\/product"}],"about":[{"href":"https:\/\/dmnoreste.com.mx\/index.php?rest_route=\/wp\/v2\/types\/product"}],"replies":[{"embeddable":true,"href":"https:\/\/dmnoreste.com.mx\/index.php?rest_route=%2Fwp%2Fv2%2Fcomments&post=1237"}],"wp:featuredmedia":[{"embeddable":true,"href":"https:\/\/dmnoreste.com.mx\/index.php?rest_route=\/wp\/v2\/media\/1243"}],"wp:attachment":[{"href":"https:\/\/dmnoreste.com.mx\/index.php?rest_route=%2Fwp%2Fv2%2Fmedia&parent=1237"}],"wp:term":[{"taxonomy":"product_brand","embeddable":true,"href":"https:\/\/dmnoreste.com.mx\/index.php?rest_route=%2Fwp%2Fv2%2Fproduct_brand&post=1237"},{"taxonomy":"product_cat","embeddable":true,"href":"https:\/\/dmnoreste.com.mx\/index.php?rest_route=%2Fwp%2Fv2%2Fproduct_cat&post=1237"},{"taxonomy":"product_tag","embeddable":true,"href":"https:\/\/dmnoreste.com.mx\/index.php?rest_route=%2Fwp%2Fv2%2Fproduct_tag&post=1237"}],"curies":[{"name":"wp","href":"https:\/\/api.w.org\/{rel}","templated":true}]}}