{"id":1260,"date":"2025-06-19T19:22:04","date_gmt":"2025-06-19T19:22:04","guid":{"rendered":"https:\/\/dmnoreste.com.mx\/wp\/?post_type=product&#038;p=1260"},"modified":"2025-06-20T18:03:30","modified_gmt":"2025-06-20T18:03:30","slug":"arpon-anclaje-oseo-2-2","status":"publish","type":"product","link":"https:\/\/dmnoreste.com.mx\/?product=arpon-anclaje-oseo-2-2","title":{"rendered":"Arp\u00f3n Anclaje \u00d3seo 2.2"},"content":{"rendered":"<p><strong><img fetchpriority=\"high\" decoding=\"async\" class=\"alignnone size-full wp-image-16017\" src=\"https:\/\/www.artroscopiaintegral.com.mx\/wp-content\/uploads\/2024\/06\/Detail_amini.jpg\" alt=\"\" width=\"1920\" height=\"1080\" \/>Medidas<\/strong><\/p>\n<ul class=\"listText\">\n<li>SUB 2.2 mm<\/li>\n<\/ul>\n<p><strong>Caracter\u00edsticas<\/strong><\/p>\n<ul class=\"listText\">\n<li>Dise\u00f1o innovador.<\/li>\n<li>M\u00e1xima resistencia a la tracci\u00f3n.<\/li>\n<li>Hex\u00e1gono interno de bajo perfil.<\/li>\n<li>Sutura ultrarresistente con agujas.<\/li>\n<li>Iniciador descartable de uso opcional.<\/li>\n<li>Producto est\u00e9ril.<\/li>\n<\/ul>\n<p><strong>Cat\u00e1logo T\u00e9cnico<\/strong><\/p>\n<ul>\n<li><a href=\"https:\/\/www.artroscopiaintegral.com.mx\/wp-content\/uploads\/2024\/06\/MINI-ARPON-2.2.pdf\" target=\"_blank\" rel=\"noopener\"><strong>Manual en PDF<\/strong><\/a><\/li>\n<\/ul>\n<p><strong>T\u00e9cnicas Quir\u00fargicas<\/strong><\/p>\n<p><iframe title=\"South America Implants S.A. - Arp\u00f3n SUB 2.2\" width=\"500\" height=\"375\" src=\"https:\/\/www.youtube.com\/embed\/geQvYmKZatw?feature=oembed\" frameborder=\"0\" allow=\"accelerometer; autoplay; clipboard-write; encrypted-media; gyroscope; picture-in-picture; web-share\" referrerpolicy=\"strict-origin-when-cross-origin\" allowfullscreen><\/iframe><\/p>\n","protected":false},"excerpt":{"rendered":"<p>Medidas SUB 2.2 mm Caracter\u00edsticas Dise\u00f1o innovador. M\u00e1xima resistencia a la tracci\u00f3n. Hex\u00e1gono interno de bajo perfil. Sutura ultrarresistente con agujas. Iniciador descartable de uso opcional. Producto est\u00e9ril. Cat\u00e1logo T\u00e9cnico Manual en PDF T\u00e9cnicas Quir\u00fargicas<\/p>\n","protected":false},"featured_media":1284,"comment_status":"open","ping_status":"closed","template":"","meta":{"pagelayer_contact_templates":[],"_pagelayer_content":""},"product_brand":[],"product_cat":[51,49,48],"product_tag":[],"class_list":{"0":"post-1260","1":"product","2":"type-product","3":"status-publish","4":"has-post-thumbnail","6":"product_cat-mano-y-muneca","7":"product_cat-sai","8":"product_cat-sport-medicine","10":"first","11":"instock","12":"shipping-taxable","13":"product-type-simple"},"_links":{"self":[{"href":"https:\/\/dmnoreste.com.mx\/index.php?rest_route=\/wp\/v2\/product\/1260","targetHints":{"allow":["GET"]}}],"collection":[{"href":"https:\/\/dmnoreste.com.mx\/index.php?rest_route=\/wp\/v2\/product"}],"about":[{"href":"https:\/\/dmnoreste.com.mx\/index.php?rest_route=\/wp\/v2\/types\/product"}],"replies":[{"embeddable":true,"href":"https:\/\/dmnoreste.com.mx\/index.php?rest_route=%2Fwp%2Fv2%2Fcomments&post=1260"}],"wp:featuredmedia":[{"embeddable":true,"href":"https:\/\/dmnoreste.com.mx\/index.php?rest_route=\/wp\/v2\/media\/1284"}],"wp:attachment":[{"href":"https:\/\/dmnoreste.com.mx\/index.php?rest_route=%2Fwp%2Fv2%2Fmedia&parent=1260"}],"wp:term":[{"taxonomy":"product_brand","embeddable":true,"href":"https:\/\/dmnoreste.com.mx\/index.php?rest_route=%2Fwp%2Fv2%2Fproduct_brand&post=1260"},{"taxonomy":"product_cat","embeddable":true,"href":"https:\/\/dmnoreste.com.mx\/index.php?rest_route=%2Fwp%2Fv2%2Fproduct_cat&post=1260"},{"taxonomy":"product_tag","embeddable":true,"href":"https:\/\/dmnoreste.com.mx\/index.php?rest_route=%2Fwp%2Fv2%2Fproduct_tag&post=1260"}],"curies":[{"name":"wp","href":"https:\/\/api.w.org\/{rel}","templated":true}]}}