{"id":1263,"date":"2025-06-19T19:22:04","date_gmt":"2025-06-19T19:22:04","guid":{"rendered":"https:\/\/dmnoreste.com.mx\/wp\/?post_type=product&#038;p=1263"},"modified":"2025-06-20T18:03:30","modified_gmt":"2025-06-20T18:03:30","slug":"velox-rf-wand","status":"publish","type":"product","link":"https:\/\/dmnoreste.com.mx\/?product=velox-rf-wand","title":{"rendered":"Velox RF Wand"},"content":{"rendered":"<p><strong><img fetchpriority=\"high\" decoding=\"async\" class=\"alignnone size-full wp-image-16037\" src=\"https:\/\/www.artroscopiaintegral.com.mx\/wp-content\/uploads\/2024\/06\/Detail_velox_RF.jpg\" alt=\"\" width=\"1920\" height=\"1081\" \/>Medidas<\/strong><\/p>\n<ul class=\"listText\">\n<li>3.3mm Disposable Bipolar Ablator 90\u00ba, Aspirating<\/li>\n<li>3.3mm Disposable Bipolar Ablator 50\u00ba, Aspirating<\/li>\n<li>2.4mm Disposable Bipolar Ablator 55\u00ba, Non-Aspirating<\/li>\n<li>1.8mm Disposable Bipolar Ablator 60\u00ba, Non-Aspirating<\/li>\n<\/ul>\n<p><strong>Caracter\u00edsticas<\/strong><\/p>\n<ul class=\"listText\">\n<li>Dise\u00f1o innovador.<\/li>\n<li>M\u00e1xima resistencia a la tracci\u00f3n.<\/li>\n<li>Hex\u00e1gono interno de bajo perfil.<\/li>\n<li>Sutura ultrarresistente con agujas.<\/li>\n<li>Iniciador descartable de uso opcional.<\/li>\n<li>Producto est\u00e9ril.<\/li>\n<\/ul>\n<p><strong>Cat\u00e1logo T\u00e9cnico<\/strong><\/p>\n<ul>\n<li><a href=\"https:\/\/www.artroscopiaintegral.com.mx\/wp-content\/uploads\/2024\/06\/RF-Wand.pdf\" target=\"_blank\" rel=\"noopener\"><strong>Manual en PDF<\/strong><\/a><\/li>\n<\/ul>\n","protected":false},"excerpt":{"rendered":"<p>Medidas 3.3mm Disposable Bipolar Ablator 90\u00ba, Aspirating 3.3mm Disposable Bipolar Ablator 50\u00ba, Aspirating 2.4mm Disposable Bipolar Ablator 55\u00ba, Non-Aspirating 1.8mm Disposable Bipolar Ablator 60\u00ba, Non-Aspirating Caracter\u00edsticas Dise\u00f1o innovador. M\u00e1xima resistencia a la tracci\u00f3n. Hex\u00e1gono interno de bajo perfil. Sutura ultrarresistente con agujas. Iniciador descartable de uso opcional. Producto est\u00e9ril. Cat\u00e1logo T\u00e9cnico Manual en PDF<\/p>\n","protected":false},"featured_media":1287,"comment_status":"open","ping_status":"closed","template":"","meta":{"pagelayer_contact_templates":[],"_pagelayer_content":""},"product_brand":[],"product_cat":[53,52],"product_tag":[],"class_list":{"0":"post-1263","1":"product","2":"type-product","3":"status-publish","4":"has-post-thumbnail","6":"product_cat-artroscopia","7":"product_cat-minima-invasion","9":"first","10":"instock","11":"shipping-taxable","12":"product-type-simple"},"_links":{"self":[{"href":"https:\/\/dmnoreste.com.mx\/index.php?rest_route=\/wp\/v2\/product\/1263","targetHints":{"allow":["GET"]}}],"collection":[{"href":"https:\/\/dmnoreste.com.mx\/index.php?rest_route=\/wp\/v2\/product"}],"about":[{"href":"https:\/\/dmnoreste.com.mx\/index.php?rest_route=\/wp\/v2\/types\/product"}],"replies":[{"embeddable":true,"href":"https:\/\/dmnoreste.com.mx\/index.php?rest_route=%2Fwp%2Fv2%2Fcomments&post=1263"}],"wp:featuredmedia":[{"embeddable":true,"href":"https:\/\/dmnoreste.com.mx\/index.php?rest_route=\/wp\/v2\/media\/1287"}],"wp:attachment":[{"href":"https:\/\/dmnoreste.com.mx\/index.php?rest_route=%2Fwp%2Fv2%2Fmedia&parent=1263"}],"wp:term":[{"taxonomy":"product_brand","embeddable":true,"href":"https:\/\/dmnoreste.com.mx\/index.php?rest_route=%2Fwp%2Fv2%2Fproduct_brand&post=1263"},{"taxonomy":"product_cat","embeddable":true,"href":"https:\/\/dmnoreste.com.mx\/index.php?rest_route=%2Fwp%2Fv2%2Fproduct_cat&post=1263"},{"taxonomy":"product_tag","embeddable":true,"href":"https:\/\/dmnoreste.com.mx\/index.php?rest_route=%2Fwp%2Fv2%2Fproduct_tag&post=1263"}],"curies":[{"name":"wp","href":"https:\/\/api.w.org\/{rel}","templated":true}]}}